{"id":8,"date":"2021-05-03T19:51:06","date_gmt":"2021-05-03T19:51:06","guid":{"rendered":"https:\/\/staging.lambdanachrichten.at\/?page_id=8"},"modified":"2026-01-19T21:04:49","modified_gmt":"2026-01-19T20:04:49","slug":"ueber-uns","status":"publish","type":"page","link":"https:\/\/lambdanachrichten.at\/?page_id=8","title":{"rendered":"\u00dcber die <span style=\"font-variant: small-caps;\">Lambda<\/span>"},"content":{"rendered":"\n<p>Die <span style=\"font-variant: small-caps;\">Lambda<\/span>, die Zeitschrift der <a title=\"Webseite der HOSI Wien\" rel=\"noopener\" href=\"http:\/\/www.hosiwien.at\" target=\"_blank\">Homosexuellen Initiative (HOSI) Wien<\/a>, ist die \u00e4lteste durchgehend erscheinende LGBTIQ-Zeitschrift im deutschsprachigen Raum und erscheint seit 1979. Bis Februar 2018 erschien die <span style=\"font-variant: small-caps;\">Lambda<\/span> unter dem Namen <span style=\"font-variant: small-caps;\">Lambda<\/span>-Nachrichten.<\/p>\n\n\n\n<p>Die <span style=\"font-variant: small-caps;\">Lambda<\/span> liegt in vielen Szenelokalen und -gesch\u00e4ften gratis zur Entnahme auf. Auf dieser Webpage ver\u00f6ffentlichen wir die Artikel, und ihr k\u00f6nnt alle Ausgaben als PDF bekommen. Die <span style=\"font-variant: small-caps;\">Lambda<\/span> erscheint viermal im Jahr.<\/p>\n\n\n\n<p>In der <span style=\"font-variant: small-caps;\">Lambda<\/span> zu inserieren bringt zielgruppengerechten Erfolg: Alle Infos in den <a href=\"https:\/\/lambdanachrichten.at\/wp-content\/uploads\/2026\/01\/LAMBDA-Mediadaten-2026.pdf\">LAMBDA-Mediadaten (PDF).<\/a><\/p>\n\n\n\n<p>Erscheinungstermine 2026: 6. M\u00e4rz, 29. Mai, 4. September, 27. November (\u00c4nderungen vorbehalten). Anzeigen- und Redaktionsschluss jeweils 14 Tage vor Erscheinen.<\/p>\n\n\n\n<p>Offenlegung nach \u00a725 Mediengesetz: <a href=\"http:\/\/www.hosiwien.at\/offenlegung-lambda\" data-type=\"URL\" data-id=\"www.hosiwien.at\/offenlegung-lambda\">www.hosiwien.at\/offenlegung-lambda<\/a><\/p>\n\n\n\n<p>Leser*innenbriefe und Beitr\u00e4ge sowie Bestellungen fr\u00fcherer Ausgaben der <span style=\"font-variant: small-caps;\">Lambda<\/span> an lambda@hosiwien.at.<\/p>\n\n\n\n<p><\/p>\n","protected":false},"excerpt":{"rendered":"<p>Die Lambda, die Zeitschrift der Homosexuellen Initiative (HOSI) Wien, ist die \u00e4lteste durchgehend erscheinende LGBTIQ-Zeitschrift im deutschsprachigen Raum und erscheint seit 1979. Bis Februar 2018 erschien die Lambda unter dem Namen Lambda-Nachrichten. Die Lambda liegt in vielen Szenelokalen und -gesch\u00e4ften gratis zur Entnahme auf. Auf dieser Webpage ver\u00f6ffentlichen wir die Artikel, und ihr k\u00f6nnt alle [&hellip;]<\/p>\n","protected":false},"author":1,"featured_media":0,"parent":0,"menu_order":0,"comment_status":"closed","ping_status":"closed","template":"","meta":{"footnotes":""},"class_list":["post-8","page","type-page","status-publish","hentry"],"_links":{"self":[{"href":"https:\/\/lambdanachrichten.at\/index.php?rest_route=\/wp\/v2\/pages\/8","targetHints":{"allow":["GET"]}}],"collection":[{"href":"https:\/\/lambdanachrichten.at\/index.php?rest_route=\/wp\/v2\/pages"}],"about":[{"href":"https:\/\/lambdanachrichten.at\/index.php?rest_route=\/wp\/v2\/types\/page"}],"author":[{"embeddable":true,"href":"https:\/\/lambdanachrichten.at\/index.php?rest_route=\/wp\/v2\/users\/1"}],"replies":[{"embeddable":true,"href":"https:\/\/lambdanachrichten.at\/index.php?rest_route=%2Fwp%2Fv2%2Fcomments&post=8"}],"version-history":[{"count":17,"href":"https:\/\/lambdanachrichten.at\/index.php?rest_route=\/wp\/v2\/pages\/8\/revisions"}],"predecessor-version":[{"id":9848,"href":"https:\/\/lambdanachrichten.at\/index.php?rest_route=\/wp\/v2\/pages\/8\/revisions\/9848"}],"wp:attachment":[{"href":"https:\/\/lambdanachrichten.at\/index.php?rest_route=%2Fwp%2Fv2%2Fmedia&parent=8"}],"curies":[{"name":"wp","href":"https:\/\/api.w.org\/{rel}","templated":true}]}}